{"id":1166,"date":"2025-08-27T11:43:39","date_gmt":"2025-08-27T10:43:39","guid":{"rendered":"https:\/\/oisehalatte-tourisme.eu\/\/?page_id=1166"},"modified":"2025-09-10T14:19:23","modified_gmt":"2025-09-10T13:19:23","slug":"leau-au-coeur-du-territoire","status":"publish","type":"page","link":"https:\/\/oisehalatte-tourisme.eu\/de\/explorer\/nature\/leau-au-coeur-du-territoire\/","title":{"rendered":"Wasser im Herzen des Territoriums"},"content":{"rendered":"<p>Die Oise entspringt in Belgien in der N\u00e4he von Chimay, bevor sie 330 Kilometer weiter in Conflans-Sainte-Honorine in die Seine m\u00fcndet. Sie flie\u00dft auf 18 Kilometern durch die Landschaften Pays d'Oise und Halatte und pr\u00e4gt die Landschaft, indem sie die rund 60 Teiche entlang der Strecke speist. Diese Gew\u00e4sser waren fr\u00fcher ehemalige Kiesgruben, die heute f\u00fcr Freizeitaktivit\u00e4ten wie Angeln, Wasserwildjagd und Wassersport umgewandelt wurden. Hier befinden sich auch die Radwege Eurov\u00e9lo3 und London-Paris, aber auch das \u00f6kologische Reservat Ois'eau.<strong>. <\/strong>Hier k\u00f6nnen Sie die V\u00f6gel des Reservats beobachten, ohne sie zu st\u00f6ren, denn entlang der Strecke wurden verschiedene Beobachtungsposten eingerichtet.<\/p>\n\n\n\n<p>Die Flussaktivit\u00e4ten auf der Oise waren schon immer sehr intensiv.<br>Fr\u00fcher besa\u00df die Stadt Pont-Sainte-Maxence einen Hafen oberhalb der Br\u00fccke. Er diente dem Transport von Waren, insbesondere von Weizen und Wein. Au\u00dferdem gab es flussabw\u00e4rts einen Holzhafen (rechtes Ufer) und einen Sandhafen (linkes Ufer). Der Sand kam aus Fleurines und wurde mit einem kleinen Zug entlang der Nationalstra\u00dfe transportiert.<br>Heute wird im letzten aktiven Handelshafen haupts\u00e4chlich Getreide angebaut.<\/p>\n\n\n\n\t\t\n\t\t\n\t\t\n\t\t\t\t\n\t\t\t\t\n\t<div class=\"mw-image mw-image__radius-none md-mw-image__radius-none sm-mw-image__radius-none\">\n\t\t<picture>\n\t\t\t\t\t\t<source srcset=\"https:\/\/oisehalatte-tourisme.eu\/app\/uploads\/2025\/09\/eau-coeur-territoire-1.jpg\" type=\"image\/webp\" media=\"(max-width: 744px)\">\n\t\t\t<source srcset=\"https:\/\/oisehalatte-tourisme.eu\/app\/uploads\/2025\/09\/eau-coeur-territoire-1.jpg\" media=\"(max-width: 744px)\">\n\n\t\t\t\t\t\t<source srcset=\"https:\/\/oisehalatte-tourisme.eu\/app\/uploads\/2025\/09\/eau-coeur-territoire-1.jpg\" type=\"image\/webp\" media=\"(min-width: 745px) and (max-width: 1280px)\">\n\t\t\t<source srcset=\"https:\/\/oisehalatte-tourisme.eu\/app\/uploads\/2025\/09\/eau-coeur-territoire-1.jpg\" media=\"(min-width: 745px) and (max-width: 1280px)\">\n\n\t\t\t\t\t\t<source srcset=\"https:\/\/oisehalatte-tourisme.eu\/app\/uploads\/2025\/09\/eau-coeur-territoire-1.jpg\" type=\"image\/webp\" media=\"(min-width: 1281px)\">\n\t\t\t<source srcset=\"https:\/\/oisehalatte-tourisme.eu\/app\/uploads\/2025\/09\/eau-coeur-territoire-1.jpg\" media=\"(min-width: 1281px)\">\n\n\t\t\t\t\t\t<img decoding=\"async\" src=\"https:\/\/oisehalatte-tourisme.eu\/app\/uploads\/2025\/09\/eau-coeur-territoire-1.jpg\"\n\t\t\t\t alt=\"\"\n\t\t\t\t width=\"\"\n\t\t\t\t height=\"\"\n\t\t\t\t loading=\"lazy\">\n\t\t<\/picture>\n\t<\/div>\n\n\n\n\n<p>Handelsschiffe und andere Kreuzfahrt- oder Freizeitboote befahren das ganze Jahr \u00fcber die Oise. Einige legen in Pont-Sainte-Maxence in der N\u00e4he der Schleuse und des Staudamms sowie an der Flusshaltestelle (Place Palteau) oder in Verneuil-en-Halatte in der N\u00e4he der Biondi-Br\u00fccke an.<br><\/p>","protected":false},"excerpt":{"rendered":"<p>L&rsquo;Oise prend sa source en Belgique pr\u00e8s de Chimay avant de se jeter, 330 kilom\u00e8tres plus loin, dans la Seine \u00e0 Conflans-Sainte-Honorine. Elle traverse les Pays d\u2019Oise et d\u2019Halatte sur 18 kilom\u00e8tres et fa\u00e7onne les paysages en alimentant la soixantaine d\u2019\u00e9tangs qui la bordent. Ces plans d\u2019eau \u00e9taient auparavant d\u2019anciennes gravi\u00e8res aujourd\u2019hui reconverties pour des [&hellip;]<\/p>\n","protected":false},"author":2,"featured_media":1486,"parent":30,"menu_order":16,"comment_status":"closed","ping_status":"closed","template":"wp-custom-template-page-pleine-largeur","meta":{"_acf_changed":false,"_relevanssi_hide_post":"","_relevanssi_hide_content":"","_relevanssi_pin_for_all":"","_relevanssi_pin_keywords":"","_relevanssi_unpin_keywords":"","_relevanssi_related_keywords":"","_relevanssi_related_include_ids":"","_relevanssi_related_exclude_ids":"","_relevanssi_related_no_append":"","_relevanssi_related_not_related":"","_relevanssi_related_posts":"","_relevanssi_noindex_reason":"","inline_featured_image":false,"footnotes":""},"class_list":["post-1166","page","type-page","status-publish","has-post-thumbnail","hentry"],"acf":[],"_links":{"self":[{"href":"https:\/\/oisehalatte-tourisme.eu\/de\/wp-json\/wp\/v2\/pages\/1166","targetHints":{"allow":["GET"]}}],"collection":[{"href":"https:\/\/oisehalatte-tourisme.eu\/de\/wp-json\/wp\/v2\/pages"}],"about":[{"href":"https:\/\/oisehalatte-tourisme.eu\/de\/wp-json\/wp\/v2\/types\/page"}],"author":[{"embeddable":true,"href":"https:\/\/oisehalatte-tourisme.eu\/de\/wp-json\/wp\/v2\/users\/2"}],"replies":[{"embeddable":true,"href":"https:\/\/oisehalatte-tourisme.eu\/de\/wp-json\/wp\/v2\/comments?post=1166"}],"version-history":[{"count":2,"href":"https:\/\/oisehalatte-tourisme.eu\/de\/wp-json\/wp\/v2\/pages\/1166\/revisions"}],"predecessor-version":[{"id":1488,"href":"https:\/\/oisehalatte-tourisme.eu\/de\/wp-json\/wp\/v2\/pages\/1166\/revisions\/1488"}],"up":[{"embeddable":true,"href":"https:\/\/oisehalatte-tourisme.eu\/de\/wp-json\/wp\/v2\/pages\/30"}],"wp:featuredmedia":[{"embeddable":true,"href":"https:\/\/oisehalatte-tourisme.eu\/de\/wp-json\/wp\/v2\/media\/1486"}],"wp:attachment":[{"href":"https:\/\/oisehalatte-tourisme.eu\/de\/wp-json\/wp\/v2\/media?parent=1166"}],"curies":[{"name":"wp","href":"https:\/\/api.w.org\/{rel}","templated":true}]}}