{"id":1532,"date":"2025-09-10T15:25:14","date_gmt":"2025-09-10T14:25:14","guid":{"rendered":"https:\/\/oisehalatte-tourisme.eu\/\/?page_id=1532"},"modified":"2025-09-23T15:53:19","modified_gmt":"2025-09-23T14:53:19","slug":"autres-curiosites","status":"publish","type":"page","link":"https:\/\/oisehalatte-tourisme.eu\/de\/explorer\/patrimoine\/autres-curiosites\/","title":{"rendered":"Andere Sehensw\u00fcrdigkeiten"},"content":{"rendered":"<h2 class=\"wp-block-heading\"><strong>Arch\u00e4ologische St\u00e4tten<\/strong><\/h2>\n\n\n\n<h3 class=\"wp-block-heading\"><strong>Gallo-r\u00f6mische Villa Bufosse<\/strong><\/h3>\n\n\n\n<p>In Verneuil-en-Halatte wurde bei Ausgrabungen eine gallo-r\u00f6mische Villa, die Villa Bufosse, entdeckt. Dieser landwirtschaftliche Betrieb entwickelte sich an dem Ort Bufosse und wurde vom 1. bis 4. Jahrhundert v. Chr. im 4.<\/p>\n\n\n\n<p>Verschiedene gefundene Objekte aus Bronze: M\u00fcnzen, Fibeln... sind im <strong>Museum der Erinnerung an Mauern und Menschen<\/strong>.<\/p>\n\n\n\n<h3 class=\"wp-block-heading\"><strong>Der Tempel von Halatte<\/strong><\/h3>\n\n\n\n<p>Im Wald von Halatte wird bei Ausgrabungen im 19. Jahrhundert ein gallo-r\u00f6mischer Tempel aus dem 1. Jahrhundert n. Chr. entdeckt, der der Heilung und Fruchtbarkeit gewidmet war.<\/p>\n\n\n\n\t\t\n\t\t\n\t\t\n\t\t\t\t\n\t\t\t\t\n\t<div class=\"mw-image mw-image__radius-none md-mw-image__radius-none sm-mw-image__radius-none\">\n\t\t<picture>\n\t\t\t\t\t\t<source srcset=\"https:\/\/oisehalatte-tourisme.eu\/app\/uploads\/2025\/09\/temple-halatte.jpg\" type=\"image\/webp\" media=\"(max-width: 744px)\">\n\t\t\t<source srcset=\"https:\/\/oisehalatte-tourisme.eu\/app\/uploads\/2025\/09\/temple-halatte.jpg\" media=\"(max-width: 744px)\">\n\n\t\t\t\t\t\t<source srcset=\"https:\/\/oisehalatte-tourisme.eu\/app\/uploads\/2025\/09\/temple-halatte.jpg\" type=\"image\/webp\" media=\"(min-width: 745px) and (max-width: 1280px)\">\n\t\t\t<source srcset=\"https:\/\/oisehalatte-tourisme.eu\/app\/uploads\/2025\/09\/temple-halatte.jpg\" media=\"(min-width: 745px) and (max-width: 1280px)\">\n\n\t\t\t\t\t\t<source srcset=\"https:\/\/oisehalatte-tourisme.eu\/app\/uploads\/2025\/09\/temple-halatte.jpg\" type=\"image\/webp\" media=\"(min-width: 1281px)\">\n\t\t\t<source srcset=\"https:\/\/oisehalatte-tourisme.eu\/app\/uploads\/2025\/09\/temple-halatte.jpg\" media=\"(min-width: 1281px)\">\n\n\t\t\t\t\t\t<img decoding=\"async\" src=\"https:\/\/oisehalatte-tourisme.eu\/app\/uploads\/2025\/09\/temple-halatte.jpg\"\n\t\t\t\t alt=\"\"\n\t\t\t\t width=\"\"\n\t\t\t\t height=\"\"\n\t\t\t\t loading=\"lazy\">\n\t\t<\/picture>\n\t<\/div>\n\n\n\n\n<p>Bei den Ausgrabungen dieses Tempels wurden mehr als 350 Votivgaben aus Stein und Metall entdeckt. Die Kranken legten Opfergaben von Statuen, aber auch von T\u00f6pferwaren und M\u00fcnzen nieder.<\/p>\n\n\n\n<p>Votivgaben und andere Gegenst\u00e4nde werden im <strong>Mus\u00e9e d'Art et d'Arch\u00e9ologie in Senlis.<\/strong><\/p>\n\n\n\n<h3 class=\"wp-block-heading\"><strong>Ein r\u00f6misches Heiligtum<\/strong><\/h3>\n\n\n\n<p>Im Jahr 2014 wurde in Pont-Sainte-Maxence bei Ausgrabungen ein au\u00dfergew\u00f6hnliches antikes monumentales Heiligtum aus dem 2.<\/p>\n\n\n<div   style=\"--mw-container-border-top-thickness: 0px; --mw-container-border-right-thickness: 0px; --mw-container-border-bottom-thickness: 0px; --mw-container-border-left-thickness: 0px;\" class=\"mw-container mw-container__full mw-container__bg-none mw-container__flex mw-container__items-start mw-container__justify-start mw-container__flex-row mw-container__flex-wrap mw-container__mt--spacing-none mw-container__mb--spacing-none mw-container__pt--spacing-none mw-container__pb--spacing-none mw-container__gap-x--spacing-none mw-container__gap-y--spacing-none mw-container__border--none mw-container__shadow-none mw-container__radius-none md-mw-container__full md-mw-container__flex md-mw-container__flex-row md-mw-container__items-start md-mw-container__justify-start md-mw-container__flex-wrap md-mw-container__mt--spacing-none md-mw-container__mb--spacing-none md-mw-container__pt--spacing-none md-mw-container__pb--spacing-none md-mw-container__gap-x--spacing-none md-mw-container__gap-y--spacing-none md-mw-container__radius-none  sm-mw-container__full sm-mw-container__flex sm-mw-container__flex-row sm-mw-container__items-start sm-mw-container__justify-start sm-mw-container__flex-wrap sm-mw-container__mt--spacing-none sm-mw-container__mb--spacing-none sm-mw-container__pt--spacing-none sm-mw-container__pb--spacing-none sm-mw-container__gap-x--spacing-none sm-mw-container__gap-y--spacing-none sm-mw-container__radius-none\"   >\n\t\n\n\t\t\n\t\t\n\t\t\n\t\t\t\t\n\t\t\t\t\n\t<div class=\"mw-image mw-image__radius-none md-mw-image__radius-none sm-mw-image__radius-none\">\n\t\t<picture>\n\t\t\t\t\t\t<source srcset=\"https:\/\/oisehalatte-tourisme.eu\/app\/uploads\/2025\/09\/sites-archeologiques-1.jpg.webp\" type=\"image\/webp\" media=\"(max-width: 744px)\">\n\t\t\t<source srcset=\"https:\/\/oisehalatte-tourisme.eu\/app\/uploads\/2025\/09\/sites-archeologiques-1.jpg\" media=\"(max-width: 744px)\">\n\n\t\t\t\t\t\t<source srcset=\"https:\/\/oisehalatte-tourisme.eu\/app\/uploads\/2025\/09\/sites-archeologiques-1.jpg.webp\" type=\"image\/webp\" media=\"(min-width: 745px) and (max-width: 1280px)\">\n\t\t\t<source srcset=\"https:\/\/oisehalatte-tourisme.eu\/app\/uploads\/2025\/09\/sites-archeologiques-1.jpg\" media=\"(min-width: 745px) and (max-width: 1280px)\">\n\n\t\t\t\t\t\t<source srcset=\"https:\/\/oisehalatte-tourisme.eu\/app\/uploads\/2025\/09\/sites-archeologiques-1.jpg.webp\" type=\"image\/webp\" media=\"(min-width: 1281px)\">\n\t\t\t<source srcset=\"https:\/\/oisehalatte-tourisme.eu\/app\/uploads\/2025\/09\/sites-archeologiques-1.jpg\" media=\"(min-width: 1281px)\">\n\n\t\t\t\t\t\t<img decoding=\"async\" src=\"https:\/\/oisehalatte-tourisme.eu\/app\/uploads\/2025\/09\/sites-archeologiques-1.jpg\"\n\t\t\t\t alt=\"\"\n\t\t\t\t width=\"\"\n\t\t\t\t height=\"\"\n\t\t\t\t loading=\"lazy\">\n\t\t<\/picture>\n\t<\/div>\n\n\n\n<\/div>\n\n\n\n<p>Er bestand aus einer Umfassungsmauer mit einer Statue, die im r\u00f6mischen Gallien ihresgleichen suchte, und einem Tempel in der Mitte, in dessen Innerem sich eine Statue einer Gottheit befand.<\/p>\n\n\n\n<p>Es lag ideal am Rande der Siedlung \"Levandriacus\" und am Durchgang der r\u00f6mischen Stra\u00dfe \"la route des Flandres\", die Paris mit Belgien verband (heute Route D\u00e9partementale 1017).<\/p>\n\n\n\n<p>Weitere Informationen auf inrap.de<a href=\"https:\/\/www.inrap.fr\/pont-sainte-maxence-decouverte-exceptionnelle-d-un-sanctuaire-monumental-antique-9569\"> Aktuelle Reportagen \u00fcber die Arch\u00e4ologie. Pont-Sainte-Maxence: Au\u00dfergew\u00f6hnliche Entdeckung eines antiken monumentalen Heiligtums | Inrap<\/a><\/p>\n\n\n\n<h2 class=\"wp-block-heading\"><strong>Unsere Geb\u00e4ude im Zentrum der Geschichte<\/strong><\/h2>\n\n\n\n<p>Besonders zahlreich sind unsere Kirchen, die ab dem 11. Jahrhundert errichtet wurden und den Blick durch den Charme des Ortes, ihre Glockent\u00fcrme und ihre Glasmalereien auf sich ziehen.<\/p>\n\n\n\n<p>Nehmen Sie sich die Zeit, die Schl\u00f6sser der Gegend und andere private Wohnsitze zu genie\u00dfen und zu bewundern.<\/p>\n\n\n\n\t\t\n\t\t\n\t\t\n\t\t\t\t\n\t\t\t\t\n\t<div class=\"mw-image mw-image__radius-none md-mw-image__radius-none sm-mw-image__radius-none\">\n\t\t<picture>\n\t\t\t\t\t\t<source srcset=\"https:\/\/oisehalatte-tourisme.eu\/app\/uploads\/2025\/09\/chateau-beaurepaire.jpg\" type=\"image\/webp\" media=\"(max-width: 744px)\">\n\t\t\t<source srcset=\"https:\/\/oisehalatte-tourisme.eu\/app\/uploads\/2025\/09\/chateau-beaurepaire.jpg\" media=\"(max-width: 744px)\">\n\n\t\t\t\t\t\t<source srcset=\"https:\/\/oisehalatte-tourisme.eu\/app\/uploads\/2025\/09\/chateau-beaurepaire.jpg\" type=\"image\/webp\" media=\"(min-width: 745px) and (max-width: 1280px)\">\n\t\t\t<source srcset=\"https:\/\/oisehalatte-tourisme.eu\/app\/uploads\/2025\/09\/chateau-beaurepaire.jpg\" media=\"(min-width: 745px) and (max-width: 1280px)\">\n\n\t\t\t\t\t\t<source srcset=\"https:\/\/oisehalatte-tourisme.eu\/app\/uploads\/2025\/09\/chateau-beaurepaire.jpg\" type=\"image\/webp\" media=\"(min-width: 1281px)\">\n\t\t\t<source srcset=\"https:\/\/oisehalatte-tourisme.eu\/app\/uploads\/2025\/09\/chateau-beaurepaire.jpg\" media=\"(min-width: 1281px)\">\n\n\t\t\t\t\t\t<img decoding=\"async\" src=\"https:\/\/oisehalatte-tourisme.eu\/app\/uploads\/2025\/09\/chateau-beaurepaire.jpg\"\n\t\t\t\t alt=\"\"\n\t\t\t\t width=\"\"\n\t\t\t\t height=\"\"\n\t\t\t\t loading=\"lazy\">\n\t\t<\/picture>\n\t<\/div>\n\n\n\n\n<p>Die <strong>Schloss Beaurepaire<\/strong> ist einer der \u00e4ltesten und malerischsten Orte in der Region. Es l\u00e4dt Sie zu einer Reise durch die Zeit und die Epochen ein.<br>Der von <strong>Roberval<\/strong> Jahrhundert und wurde im 18. Jahrhundert in einem \u00fcberwiegend klassischen Stil umgebaut.<br>In Pont-Sainte-Maxence gibt es zwei Schl\u00f6sser aus Backstein und Stein. Das Schloss <strong>Primet<\/strong> aus dem sp\u00e4ten 19. Jahrhundert geh\u00f6rte Claude Primet, dem Erfinder des \"Alu-Topfes\". Das Schloss von <strong>Villette<\/strong>Es war f\u00fcr den Marquis Charles de Villette und seine Frau Reine Philiberte, ein M\u00fcndel von Voltaire, eingerichtet worden.<\/p>\n\n\n\n<p>Aus dem Schloss von <strong>Verneuil-en-Halatte<\/strong>Jahrhundert von Jacques Androuet du Cerceau entworfen und von Salomon de Brosse f\u00fcr Philippe de Boulainvilliers fertiggestellt wurden.<br>Das Geb\u00e4ude wurde von seinen Besitzern, den Prinzen von Cond\u00e9, im 17. Jahrhundert abgerissen. Heute sind nur noch die Grundmauern und einige Elemente erhalten, die im Mus\u00e9e de la M\u00e9moire des Murs et des Hommes (Museum der Erinnerung an Mauern und Menschen) gesichert sind.<\/p>\n\n\n\n<h2 class=\"wp-block-heading\"><strong>Industrielles Erbe und Art d\u00e9co<\/strong><\/h2>\n\n\n\n<p>Nach der Entwicklung des Zugverkehrs im 19. Jahrhundert breiteten sich die Fabriken in der Gegend aus und nahmen im 20.<\/p>\n\n\n\n<p>In Pont-Sainte-Maxence gab es einige Fabriken, die heute nicht mehr existieren und die Stadt und ihre Umgebung ber\u00fchmt gemacht haben, wie die C\u00e9rabati (Baukeramik), die Fliesen herstellte, die Salpa, die Kunstleder der Marke Synderme herstellte, und die SAF (Soudure Autog\u00e8ne Fran\u00e7aise), die Schwei\u00dfelemente und -materialien wie das erste Boot aus geschwei\u00dftem Blech herstellte.<\/p>\n\n\n\n<p>Unter der Initiative des B\u00fcrgermeisters George Decroze wurde die Stadt Pont-Sainte-Maxence ab 1929 durch den Bau von Geb\u00e4uden im Art-d\u00e9co-Stil grundlegend umgestaltet. Das sch\u00f6nste Beispiel ist zweifellos das Rathaus mit seinen Schmiedearbeiten und Basreliefs, aber auch die ehemaligen Geb\u00e4ude des Duschbads, die alte Post, das Krankenhaus und die Jules-Ferry-Schule.<\/p>\n\n\n<div   style=\"--mw-container-border-top-thickness: 0px; --mw-container-border-right-thickness: 0px; --mw-container-border-bottom-thickness: 0px; --mw-container-border-left-thickness: 0px;\" class=\"mw-container mw-container__full mw-container__bg-none mw-container__flex mw-container__items-start mw-container__justify-start mw-container__flex-row mw-container__flex-wrap mw-container__mt--spacing-none mw-container__mb--spacing-none mw-container__pt--spacing-none mw-container__pb--spacing-none mw-container__gap-x--spacing-none mw-container__gap-y--spacing-none mw-container__border--none mw-container__shadow-none mw-container__radius-none md-mw-container__full md-mw-container__flex md-mw-container__flex-row md-mw-container__items-start md-mw-container__justify-start md-mw-container__flex-wrap md-mw-container__mt--spacing-none md-mw-container__mb--spacing-none md-mw-container__pt--spacing-none md-mw-container__pb--spacing-none md-mw-container__gap-x--spacing-none md-mw-container__gap-y--spacing-none md-mw-container__radius-none  sm-mw-container__full sm-mw-container__flex sm-mw-container__flex-row sm-mw-container__items-start sm-mw-container__justify-start sm-mw-container__flex-wrap sm-mw-container__mt--spacing-none sm-mw-container__mb--spacing-none sm-mw-container__pt--spacing-none sm-mw-container__pb--spacing-none sm-mw-container__gap-x--spacing-none sm-mw-container__gap-y--spacing-none sm-mw-container__radius-none\"   >\n\t\n\n\t\t\n\t\t\n\t\t\n\t\t\t\t\n\t\t\t\t\n\t<div class=\"mw-image mw-image__radius-none md-mw-image__radius-none sm-mw-image__radius-none\">\n\t\t<picture>\n\t\t\t\t\t\t<source srcset=\"https:\/\/oisehalatte-tourisme.eu\/app\/uploads\/2025\/09\/art-deco.jpg.webp\" type=\"image\/webp\" media=\"(max-width: 744px)\">\n\t\t\t<source srcset=\"https:\/\/oisehalatte-tourisme.eu\/app\/uploads\/2025\/09\/art-deco.jpg\" media=\"(max-width: 744px)\">\n\n\t\t\t\t\t\t<source srcset=\"https:\/\/oisehalatte-tourisme.eu\/app\/uploads\/2025\/09\/art-deco.jpg.webp\" type=\"image\/webp\" media=\"(min-width: 745px) and (max-width: 1280px)\">\n\t\t\t<source srcset=\"https:\/\/oisehalatte-tourisme.eu\/app\/uploads\/2025\/09\/art-deco.jpg\" media=\"(min-width: 745px) and (max-width: 1280px)\">\n\n\t\t\t\t\t\t<source srcset=\"https:\/\/oisehalatte-tourisme.eu\/app\/uploads\/2025\/09\/art-deco.jpg.webp\" type=\"image\/webp\" media=\"(min-width: 1281px)\">\n\t\t\t<source srcset=\"https:\/\/oisehalatte-tourisme.eu\/app\/uploads\/2025\/09\/art-deco.jpg\" media=\"(min-width: 1281px)\">\n\n\t\t\t\t\t\t<img decoding=\"async\" src=\"https:\/\/oisehalatte-tourisme.eu\/app\/uploads\/2025\/09\/art-deco.jpg\"\n\t\t\t\t alt=\"\"\n\t\t\t\t width=\"\"\n\t\t\t\t height=\"\"\n\t\t\t\t loading=\"lazy\">\n\t\t<\/picture>\n\t<\/div>\n\n\n\n<\/div>\n\n\n\n<h2 class=\"wp-block-heading\"><strong>Ber\u00fchmte Pers\u00f6nlichkeiten<\/strong><\/h2>\n\n\n\n<p>Unser Territorium hat gro\u00dfe M\u00e4nner mit unterschiedlichen Disziplinen inspiriert und hervorgebracht.<\/p>\n\n\n\n<h3 class=\"wp-block-heading\"><strong>Architekten und Erfinder<\/strong><\/h3>\n\n\n\n<p><strong>Salomon de Brosse<\/strong>Der 1571 in Verneuil-en-Halatte geborene Architekt vollendete das Schloss von Verneuil und schuf unter anderem den Palais du Luxembourg in Paris f\u00fcr Maria de Medici.<\/p>\n\n\n\n<p><strong>Jean-Rodolphe Perronet<\/strong>Der Architekt und sp\u00e4tere Ingenieur der Ponts et Chauss\u00e9es, der f\u00fcr seinen Entwurf der Concorde-Br\u00fccke in Paris bekannt ist, entwarf 1785 auch die dreib\u00f6gige Br\u00fccke von Pont-Sainte-Maxence, die heute nicht mehr existiert. Er wurde als Vauban des Br\u00fccken- und Stra\u00dfenbaus bezeichnet.<\/p>\n\n\n\n<p><strong>Gilles Personne aus Roberval<\/strong>Mathematiker und Physiker, wurde 1602 in No\u00ebl-Saint-Martin geboren und ist der Erfinder der Roberval-Waage. Er ist einer der Gr\u00fcnderv\u00e4ter der Akademie der Wissenschaften im 17.<\/p>\n\n\n\n<h3 class=\"wp-block-heading\"><strong>Die Maler<\/strong><\/h3>\n\n\n\n<p>Auch Maler kamen in die Region, um sich zu erholen und neue Inspiration zu finden.<br>Es war im Sommer 1908, als <strong>Pablo Picasso<\/strong> und seine Lebensgef\u00e4hrtin Fernande Olivier lie\u00dfen sich f\u00fcr einige Wochen in La rue des Bois (Gemeinde Verneuil-en-Halatte) nieder. Hier fand der kubistische Maler die Inspiration f\u00fcr vier Gem\u00e4lde (<em>Blumenvase und Glas mit L\u00f6ffel, Die B\u00e4uerin, H\u00e4uschen in einem Garten, Gilbert Krill<\/em>).<br>Der Grand Prix de Rome von 1864, <strong>Diogenes Maillart<\/strong>Der Historienmaler, Portr\u00e4tmaler und Zeichenlehrer an der Gobelinmanufaktur wohnte in Rieux.<\/p>\n\n\n\n<h3 class=\"wp-block-heading\"><strong>M\u00e4nner der Literatur<\/strong><\/h3>\n\n\n\n<p><strong>Nicolas Boileau<\/strong>ein Dichter und Schriftsteller des 17. Jahrhunderts, hielt sich acht Jahre lang im Weiler Saint-Paterne in Pontpoint auf. Dort verfasste er einen Teil seiner <em>Episteln<\/em> und seine <em>Satiren<\/em>.<\/p>\n\n\n\n<p><strong>Robert Louis Stevenson<\/strong>ein schottischer Schriftsteller des 19. Jahrhunderts, der u. a. folgende Werke verfasst hat <em>Die Schatzinsel<\/em> und von <em>Der seltsame Fall des Dr. Jekyll und Mr. Hyde<\/em>Er erz\u00e4hlt durch seine Navigation von seiner Reise durch die Welt. <em>Kanufahrt auf den Fl\u00fcssen des Nordens<\/em> im Jahr 1878, wo er einen Zwischenstopp in Pont-Sainte-Maxence einlegt.<\/p>\n\n\n<div   style=\"--mw-container-border-top-thickness: 0px; --mw-container-border-right-thickness: 0px; --mw-container-border-bottom-thickness: 0px; --mw-container-border-left-thickness: 0px;\" class=\"mw-container mw-container__full mw-container__bg-primary-100 mw-container__flex mw-container__items-start mw-container__justify-start mw-container__flex-row mw-container__flex-wrap mw-container__mt--spacing-none mw-container__mb--spacing-none mw-container__pt--spacing-lg mw-container__pb--spacing-lg mw-container__gap-x--spacing-none mw-container__gap-y--spacing-none mw-container__border--none mw-container__shadow-none mw-container__radius-none mw-container__pr--spacing-lg mw-container__pl--spacing-lg md-mw-container__full md-mw-container__flex md-mw-container__flex-row md-mw-container__items-start md-mw-container__justify-start md-mw-container__flex-wrap md-mw-container__mt--spacing-none md-mw-container__mb--spacing-none md-mw-container__pt--spacing-none md-mw-container__pb--spacing-none md-mw-container__gap-x--spacing-none md-mw-container__gap-y--spacing-none md-mw-container__radius-none  sm-mw-container__full sm-mw-container__flex sm-mw-container__flex-row sm-mw-container__items-start sm-mw-container__justify-start sm-mw-container__flex-wrap sm-mw-container__mt--spacing-none sm-mw-container__mb--spacing-none sm-mw-container__pt--spacing-none sm-mw-container__pb--spacing-none sm-mw-container__gap-x--spacing-none sm-mw-container__gap-y--spacing-none sm-mw-container__radius-none\"   >\n\t\n\n<h2 class=\"wp-block-heading\">Wussten Sie schon?<\/h2>\n\n\n\n<p>Nach einer Legende wurde die Stadt Pont-Sainte-Maxence nach ihr benannt. Maxence, die Tochter des K\u00f6nigs der Schotten im 5. Jahrhundert, wollte sich ihrer Hochzeit entziehen und floh. Als sie vom Fluss Oise aufgehalten wurde, warf sie drei Steine, um den Fluss zu \u00fcberqueren. Von ihrem Verlobten eingeholt und enthauptet, erhebt sie sich mit ihrem Kopf in den H\u00e4nden durch die Luft zu ihrer Grabst\u00e4tte.<\/p>\n\n\n<\/div>","protected":false},"excerpt":{"rendered":"<p>Sites arch\u00e9ologiques Villa gallo-romaine Bufosse \u00c0 Verneuil-en-Halatte, des fouilles ont permis la d\u00e9couverte d\u2019une villa gallo-romaine, la villa Bufosse. Cette ferme agricole s\u2019est d\u00e9velopp\u00e9e sur le lieu-dit Bufosse et a \u00e9t\u00e9 exploit\u00e9e du Ier au IVe si\u00e8cle avant J.C. au IVe si\u00e8cle. Divers objets retrouv\u00e9s en bronze : monnaies, fibules\u2026 sont expos\u00e9s au mus\u00e9e de [&hellip;]<\/p>\n","protected":false},"author":1,"featured_media":1537,"parent":28,"menu_order":10,"comment_status":"closed","ping_status":"closed","template":"wp-custom-template-page-pleine-largeur","meta":{"_acf_changed":false,"_relevanssi_hide_post":"","_relevanssi_hide_content":"","_relevanssi_pin_for_all":"","_relevanssi_pin_keywords":"","_relevanssi_unpin_keywords":"","_relevanssi_related_keywords":"","_relevanssi_related_include_ids":"","_relevanssi_related_exclude_ids":"","_relevanssi_related_no_append":"","_relevanssi_related_not_related":"","_relevanssi_related_posts":"","_relevanssi_noindex_reason":"","inline_featured_image":false,"footnotes":""},"class_list":["post-1532","page","type-page","status-publish","has-post-thumbnail","hentry"],"acf":[],"_links":{"self":[{"href":"https:\/\/oisehalatte-tourisme.eu\/de\/wp-json\/wp\/v2\/pages\/1532","targetHints":{"allow":["GET"]}}],"collection":[{"href":"https:\/\/oisehalatte-tourisme.eu\/de\/wp-json\/wp\/v2\/pages"}],"about":[{"href":"https:\/\/oisehalatte-tourisme.eu\/de\/wp-json\/wp\/v2\/types\/page"}],"author":[{"embeddable":true,"href":"https:\/\/oisehalatte-tourisme.eu\/de\/wp-json\/wp\/v2\/users\/1"}],"replies":[{"embeddable":true,"href":"https:\/\/oisehalatte-tourisme.eu\/de\/wp-json\/wp\/v2\/comments?post=1532"}],"version-history":[{"count":11,"href":"https:\/\/oisehalatte-tourisme.eu\/de\/wp-json\/wp\/v2\/pages\/1532\/revisions"}],"predecessor-version":[{"id":2974,"href":"https:\/\/oisehalatte-tourisme.eu\/de\/wp-json\/wp\/v2\/pages\/1532\/revisions\/2974"}],"up":[{"embeddable":true,"href":"https:\/\/oisehalatte-tourisme.eu\/de\/wp-json\/wp\/v2\/pages\/28"}],"wp:featuredmedia":[{"embeddable":true,"href":"https:\/\/oisehalatte-tourisme.eu\/de\/wp-json\/wp\/v2\/media\/1537"}],"wp:attachment":[{"href":"https:\/\/oisehalatte-tourisme.eu\/de\/wp-json\/wp\/v2\/media?parent=1532"}],"curies":[{"name":"wp","href":"https:\/\/api.w.org\/{rel}","templated":true}]}}