{"id":1490,"date":"2025-09-10T14:29:04","date_gmt":"2025-09-10T13:29:04","guid":{"rendered":"https:\/\/oisehalatte-tourisme.eu\/\/?page_id=1490"},"modified":"2025-10-01T14:51:21","modified_gmt":"2025-10-01T13:51:21","slug":"labbaye-royale-du-moncel","status":"publish","type":"page","link":"https:\/\/oisehalatte-tourisme.eu\/en\/explorer\/patrimoine\/labbaye-royale-du-moncel\/","title":{"rendered":"The Royal Abbey of Moncel"},"content":{"rendered":"\n<h2 class=\"wp-block-heading\"><strong>Un peu d\u2019histoire<\/strong><\/h2>\n\n\n\n<p>L\u2019Abbaye Royale du Moncel est l\u2019un des tr\u00e9sors de notre patrimoine. Avant la cr\u00e9ation de l\u2019abbaye, il existait un manoir plus modeste construit \u00e0 la fin du XIIIe si\u00e8cle par Philippe de Beaumanoir, bailli de Senlis. La propri\u00e9t\u00e9 tomba dans le domaine royal \u00e0 sa mort.<\/p>\n\n\n\n<p>Au d\u00e9but du XIVe si\u00e8cle, Philippe le Bel fit transformer le manoir nomm\u00e9 \u00ab Ch\u00e2teau de F\u00e9camp \u00bb en r\u00e9sidence royale. Le roi r\u00e9sida souvent au ch\u00e2teau et d\u00e9cida d\u2019y fonder une abbaye. C\u2019est au cours d\u2019une de ses parties de chasse en for\u00eat d\u2019Halatte qu\u2019un accident de cheval lui co\u00fbta la vie en 1314.<\/p>\n\n\n\n<p>Les b\u00e2timents ont accueilli une communaut\u00e9 de s\u0153urs Clarisses jusqu\u2019\u00e0 la R\u00e9volution fran\u00e7aise. L\u2019\u00e9glise abbatiale a \u00e9t\u00e9 d\u00e9truite et l\u2019abbaye vendue comme bien national. Elle est alors occup\u00e9e par un n\u00e9gociant en vin puis rachet\u00e9e par l\u2019\u00e9v\u00each\u00e9 de Beauvais au d\u00e9but du XXe si\u00e8cle pour en faire un s\u00e9minaire et un pensionnat.<\/p>\n\n\n\n\t\t\n\t\t\n\t\t\n\t\t\t\t\n\t\t\t\t\n\t<div class=\"mw-image mw-image__radius-none md-mw-image__radius-none sm-mw-image__radius-none\">\n\t\t<picture>\n\t\t\t\t\t\t<source srcset=\"https:\/\/oisehalatte-tourisme.eu\/app\/uploads\/2025\/09\/abbaye-royale-moncel-1.jpg.webp\" type=\"image\/webp\" media=\"(max-width: 744px)\">\n\t\t\t<source srcset=\"https:\/\/oisehalatte-tourisme.eu\/app\/uploads\/2025\/09\/abbaye-royale-moncel-1.jpg\" media=\"(max-width: 744px)\">\n\n\t\t\t\t\t\t<source srcset=\"https:\/\/oisehalatte-tourisme.eu\/app\/uploads\/2025\/09\/abbaye-royale-moncel-1.jpg.webp\" type=\"image\/webp\" media=\"(min-width: 745px) and (max-width: 1280px)\">\n\t\t\t<source srcset=\"https:\/\/oisehalatte-tourisme.eu\/app\/uploads\/2025\/09\/abbaye-royale-moncel-1.jpg\" media=\"(min-width: 745px) and (max-width: 1280px)\">\n\n\t\t\t\t\t\t<source srcset=\"https:\/\/oisehalatte-tourisme.eu\/app\/uploads\/2025\/09\/abbaye-royale-moncel-1.jpg.webp\" type=\"image\/webp\" media=\"(min-width: 1281px)\">\n\t\t\t<source srcset=\"https:\/\/oisehalatte-tourisme.eu\/app\/uploads\/2025\/09\/abbaye-royale-moncel-1.jpg\" media=\"(min-width: 1281px)\">\n\n\t\t\t\t\t\t<img decoding=\"async\" src=\"https:\/\/oisehalatte-tourisme.eu\/app\/uploads\/2025\/09\/abbaye-royale-moncel-1.jpg\"\n\t\t\t\t alt=\"\"\n\t\t\t\t width=\"\"\n\t\t\t\t height=\"\"\n\t\t\t\t loading=\"lazy\">\n\t\t<\/picture>\n\t<\/div>\n\n\n\n\n<h2 class=\"wp-block-heading\"><strong>Un patrimoine valoris\u00e9<\/strong><\/h2>\n\n\n\n<p>Depuis 1984, l&rsquo;association du Club du Vieux Manoir a pris en charge le b\u00e2timent et sa restauration. Il propose depuis de nombreuses ann\u00e9es des visites et des ateliers patrimoniaux. Ces ateliers r\u00e9alisent des ouvrages (vitraux&#8230;) destin\u00e9s \u00e0 des monuments.<br>L&rsquo;association propose aussi des camps-chantiers-patrimoine pour les jeunes \u00e0 partir de 14 ans pour la restauration de monuments en pratiquant la taille de pierre, le rejointoiement, la ma\u00e7onnerie, le pavage&#8230;<\/p>\n\n\n\n<p>Au cours de la visite, la vie des s\u0153urs Clarisses est expos\u00e9e dans les diff\u00e9rentes salles de l\u2019Abbaye : r\u00e9fectoire aux fresques, dortoirs sous la charpente, celliers vo\u00fbt\u00e9s&#8230; Les 6 hectares du parc verdoyant invitent \u00e0 la fl\u00e2nerie en fin de visite.<\/p>\n\n\n\n<p>L&rsquo;Abbaye accueille aussi r\u00e9guli\u00e8rement, r\u00e9ceptions, mariages, tournages et des expositions temporaires.<\/p>\n\n\n\n<p>Le lieu est inscrit aux Monuments historiques et labellis\u00e9 Accueil V\u00e9lo.<\/p>\n\n\n<div   style=\"--mw-container-border-top-thickness: 0px; --mw-container-border-right-thickness: 0px; --mw-container-border-bottom-thickness: 0px; --mw-container-border-left-thickness: 0px;\" class=\"mw-container mw-container__full mw-container__bg-none mw-container__flex mw-container__items-start mw-container__justify-start mw-container__flex-row mw-container__flex-wrap mw-container__mt--spacing-none mw-container__mb--spacing-none mw-container__pt--spacing-none mw-container__pb--spacing-none mw-container__gap-x--spacing-none mw-container__gap-y--spacing-none mw-container__border--none mw-container__shadow-none mw-container__radius-none md-mw-container__full md-mw-container__flex md-mw-container__flex-row md-mw-container__items-start md-mw-container__justify-start md-mw-container__flex-wrap md-mw-container__mt--spacing-none md-mw-container__mb--spacing-none md-mw-container__pt--spacing-none md-mw-container__pb--spacing-none md-mw-container__gap-x--spacing-none md-mw-container__gap-y--spacing-none md-mw-container__radius-none  sm-mw-container__full sm-mw-container__flex sm-mw-container__flex-row sm-mw-container__items-start sm-mw-container__justify-start sm-mw-container__flex-wrap sm-mw-container__mt--spacing-none sm-mw-container__mb--spacing-none sm-mw-container__pt--spacing-none sm-mw-container__pb--spacing-none sm-mw-container__gap-x--spacing-none sm-mw-container__gap-y--spacing-none sm-mw-container__radius-none \"   >\n\t\n\n\t<div class=\"mw-image-gallery  mw-image-gallery-d--grid mw-image-gallery__gap-x--spacing-none mw-image-gallery__gap-y--spacing-none mw-image-gallery__align--items-start md-mw-image-gallery__align--items-start sm-mw-image-gallery__align--items-start md-mw-image-gallery-d--grid md-mw-image-gallery__gap-x--spacing-none md-mw-image-gallery__gap-y--spacing-none sm-mw-image-gallery-d--grid sm-mw-image-gallery-d--grid-col--2 sm-mw-image-gallery__gap-x--spacing-none sm-mw-image-gallery__gap-y--spacing-none\">\n\t\t\t\t\t\t\t\t\t\t\t<a href=\"https:\/\/oisehalatte-tourisme.eu\/app\/uploads\/2025\/09\/abbaye-royale-moncel-2.jpg\" class=\"mw-image-gallery__link\">\n\t\t\t\t<figure class=\"mw-image-gallery__container\">\n\t\t\t\t\t<img decoding=\"async\" class=\"mw-image-gallery__thumbnail\" src=\"https:\/\/oisehalatte-tourisme.eu\/app\/uploads\/2025\/09\/abbaye-royale-moncel-2.jpg\" srcset=\"https:\/\/oisehalatte-tourisme.eu\/app\/uploads\/2025\/09\/abbaye-royale-moncel-2.jpg 1920w, https:\/\/oisehalatte-tourisme.eu\/app\/uploads\/2025\/09\/abbaye-royale-moncel-2-300x200.jpg 300w, https:\/\/oisehalatte-tourisme.eu\/app\/uploads\/2025\/09\/abbaye-royale-moncel-2-1024x683.jpg 1024w, https:\/\/oisehalatte-tourisme.eu\/app\/uploads\/2025\/09\/abbaye-royale-moncel-2-768x512.jpg 768w, https:\/\/oisehalatte-tourisme.eu\/app\/uploads\/2025\/09\/abbaye-royale-moncel-2-1536x1024.jpg 1536w\" sizes=\"(max-width: 1920px) 100vw, 1920px\" alt=\"\" width=\"1920\" height=\"1280\"\/>\n\t\t\t\t<\/figure>\n\t\t\t<\/a>\n\t\t\t\t\t\t\t\t\t\t\t\t\t\t<a href=\"https:\/\/oisehalatte-tourisme.eu\/app\/uploads\/2025\/09\/abbaye-royale-moncel-3.jpg\" class=\"mw-image-gallery__link\">\n\t\t\t\t<figure class=\"mw-image-gallery__container\">\n\t\t\t\t\t<img decoding=\"async\" class=\"mw-image-gallery__thumbnail\" src=\"https:\/\/oisehalatte-tourisme.eu\/app\/uploads\/2025\/09\/abbaye-royale-moncel-3.jpg\" srcset=\"https:\/\/oisehalatte-tourisme.eu\/app\/uploads\/2025\/09\/abbaye-royale-moncel-3.jpg 747w, https:\/\/oisehalatte-tourisme.eu\/app\/uploads\/2025\/09\/abbaye-royale-moncel-3-300x201.jpg 300w\" sizes=\"(max-width: 747px) 100vw, 747px\" alt=\"\" width=\"747\" height=\"500\"\/>\n\t\t\t\t<\/figure>\n\t\t\t<\/a>\n\t\t\t\t\t\t\t\t\t\t\t\t\t\t<a href=\"https:\/\/oisehalatte-tourisme.eu\/app\/uploads\/2025\/09\/abbaye-royale-moncel-4.jpg\" class=\"mw-image-gallery__link\">\n\t\t\t\t<figure class=\"mw-image-gallery__container\">\n\t\t\t\t\t<img decoding=\"async\" class=\"mw-image-gallery__thumbnail\" src=\"https:\/\/oisehalatte-tourisme.eu\/app\/uploads\/2025\/09\/abbaye-royale-moncel-4.jpg\" srcset=\"https:\/\/oisehalatte-tourisme.eu\/app\/uploads\/2025\/09\/abbaye-royale-moncel-4.jpg 1024w, https:\/\/oisehalatte-tourisme.eu\/app\/uploads\/2025\/09\/abbaye-royale-moncel-4-300x225.jpg 300w, https:\/\/oisehalatte-tourisme.eu\/app\/uploads\/2025\/09\/abbaye-royale-moncel-4-768x576.jpg 768w\" sizes=\"(max-width: 1024px) 100vw, 1024px\" alt=\"\" width=\"1024\" height=\"768\"\/>\n\t\t\t\t<\/figure>\n\t\t\t<\/a>\n\t\t\t\t\t\t\t\t\t\t\t\t\t\t<a href=\"https:\/\/oisehalatte-tourisme.eu\/app\/uploads\/2025\/09\/abbaye-royale-moncel-5.jpg\" class=\"mw-image-gallery__link\">\n\t\t\t\t<figure class=\"mw-image-gallery__container\">\n\t\t\t\t\t<img decoding=\"async\" class=\"mw-image-gallery__thumbnail\" src=\"https:\/\/oisehalatte-tourisme.eu\/app\/uploads\/2025\/09\/abbaye-royale-moncel-5.jpg\" srcset=\"https:\/\/oisehalatte-tourisme.eu\/app\/uploads\/2025\/09\/abbaye-royale-moncel-5.jpg 810w, https:\/\/oisehalatte-tourisme.eu\/app\/uploads\/2025\/09\/abbaye-royale-moncel-5-225x300.jpg 225w, https:\/\/oisehalatte-tourisme.eu\/app\/uploads\/2025\/09\/abbaye-royale-moncel-5-768x1024.jpg 768w\" sizes=\"(max-width: 810px) 100vw, 810px\" alt=\"\" width=\"810\" height=\"1080\"\/>\n\t\t\t\t<\/figure>\n\t\t\t<\/a>\n\t\t\t\t\t\t<\/div>\n<script data-autoplay=\"\" data-navigation=\"\" data-pagination=\"\" data-direction-mobile=\"horizontal\" data-spv-mobile=\"1\" data-space-mobile=\"0\" data-loop-mobile=\"\" data-centered-mobile=\"\" data-direction-tablet=\"horizontal\" data-spv-tablet=\"1\" data-space-tablet=\"0\" data-loop-tablet=\"\" data-centered-tablet=\"\" data-direction=\"horizontal\" data-spv=\"1\" data-space=\"0\" data-loop=\"\" data-centered=\"\" data-speed=\"15000\" data-spv-mobile-val=\"1\" data-spv-tablet-val=\"1\" data-spv-val=\"1\" data-reverse-direction=\"\" data-reverse-direction-tablet=\"\" data-reverse-direction-mobile=\"\">\n(function () {\n\tvar s = document.currentScript;\n\tvar mwImageGallery = s.previousElementSibling;\n\tif (!mwImageGallery) { return; }\n\tif (!mwImageGallery.classList.contains(\"mw-image-gallery-d--slider\")) { return; }\n\n\tvar isAutoplay    = Boolean(Number(s.dataset.autoplay));\n\tvar hasNavigation = Boolean(Number(s.dataset.navigation));\n\tvar hasPagination = Boolean(Number(s.dataset.pagination));\n\tvar reverseDirection = Boolean(Number(s.dataset.reverseDirection));\n\n\tvar options = {\n\t\tdirection:      s.dataset.directionMobile,\n\t\tslidesPerView:  Number(s.dataset.spvMobile),\n\t\tspaceBetween:   Number(s.dataset.spaceMobile),\n\t\tloop:           Boolean(Number(s.dataset.loopMobile)),\n\t\tcenteredSlides: Boolean(Number(s.dataset.centeredMobile)),\n\t\treverseDirection: Boolean(Number(s.dataset.reverseDirectionMobile)),\n\t\tbreakpoints: {\n\t\t\t745: {\n\t\t\t\tdirection:      s.dataset.directionTablet,\n\t\t\t\tslidesPerView:  Number(s.dataset.spvTablet),\n\t\t\t\tspaceBetween:   Number(s.dataset.spaceTablet),\n\t\t\t\tloop:           Boolean(Number(s.dataset.loopTablet)),\n\t\t\t\tcenteredSlides: Boolean(Number(s.dataset.centeredTablet)),\n\t\t\t\treverseDirection: Boolean(Number(s.dataset.reverseDirectionTablet)),\n\t\t\t},\n\t\t\t1280: {\n\t\t\t\tdirection:      s.dataset.direction,\n\t\t\t\tslidesPerView:  Number(s.dataset.spv),\n\t\t\t\tspaceBetween:   Number(s.dataset.space),\n\t\t\t\tloop:           Boolean(Number(s.dataset.loop)),\n\t\t\t\tcenteredSlides: Boolean(Number(s.dataset.centered)),\n\t\t\t\treverseDirection: Boolean(Number(s.dataset.reverseDirection)),\n\t\t\t}\n\t\t}\n\t};\n\n\tif (hasNavigation) {\n\t\toptions.navigation = {\n\t\t\tnextEl: mwImageGallery.querySelector(\".mw-image-gallery__next\"),\n\t\t\tprevEl: mwImageGallery.querySelector(\".mw-image-gallery__prev\")\n\t\t};\n\t}\n\n\tif (hasPagination) {\n\t\toptions.pagination = {\n\t\t\tel:        mwImageGallery.querySelector(\".mw-image-gallery__pagination\"),\n\t\t\tclickable: true\n\t\t};\n\t}\n\n\tif (isAutoplay) {\n\t\tvar wrapper        = mwImageGallery.querySelector(\".swiper-wrapper\");\n\t\tvar originalSlides = Array.from(wrapper.querySelectorAll(\".swiper-slide\"));\n\t\tvar duplications   = 3;\n\n\t\tfor (var i = 0; i < duplications; i++) {\n\t\t\tfor (var j = originalSlides.length - 1; j >= 0; j--) {\n\t\t\t\twrapper.insertBefore(originalSlides[j].cloneNode(true), wrapper.firstChild);\n\t\t\t}\n\t\t}\n\t\tfor (var k = 0; k < duplications; k++) {\n\t\t\toriginalSlides.forEach(function (slide) { wrapper.appendChild(slide.cloneNode(true)); });\n\t\t}\n\t\toriginalSlides.forEach(function (slide) { slide.classList.add(\"mw-image-gallery__slide--original\"); });\n\n\t\tvar gallerySwiper = new Swiper(mwImageGallery, options);\n\t\tgallerySwiper.allowTouchMove = false;\n\n\t\tvar windowWidth = window.innerWidth;\n\t\tvar nbSlides;\n\t\tif (windowWidth < 745) {\n\t\t\tnbSlides = Number(s.dataset.spvMobileVal);\n\t\t} else if (windowWidth < 1280) {\n\t\t\tnbSlides = Number(s.dataset.spvTabletVal);\n\t\t} else {\n\t\t\tnbSlides = Number(s.dataset.spvVal);\n\t\t}\n\n\t\treverseDirection = windowWidth < 745\n\t\t\t? Boolean(Number(s.dataset.reverseDirectionMobile))\n\t\t\t: windowWidth < 1280\n\t\t\t\t? Boolean(Number(s.dataset.reverseDirectionTablet))\n\t\t\t\t: Boolean(Number(s.dataset.reverseDirection));\n\n\t\tvar firstSlide   = wrapper.querySelector(\".swiper-slide\");\n\t\tvar slideWidth   = firstSlide ? firstSlide.offsetWidth : mwImageGallery.offsetWidth \/ nbSlides;\n\t\tvar gap          = Number(s.dataset.space);\n\t\tvar slideStep    = slideWidth + gap;\n\t\tvar singleSetWidth = slideStep * originalSlides.length;\n\t\tvar speed        = Number(s.dataset.speed) * 0.001;\n\t\tvar startPos     = -singleSetWidth * duplications;\n\n\t\tvar animName = \"mwScroll\" + Math.random().toString(36).substr(2, 9);\n\t\tvar styleEl  = document.createElement(\"style\");\n\t\tvar animTo = reverseDirection\n\t\t\t? startPos + singleSetWidth\n\t\t\t: startPos - singleSetWidth;\n\t\tstyleEl.textContent = \"@keyframes \" + animName + \" {\"\n\t\t\t+ \"0%{transform:translate3d(\" + startPos + \"px,0,0)}\"\n\t\t\t+ \"100%{transform:translate3d(\" + animTo + \"px,0,0)}\"\n\t\t\t+ \"}\";\n\t\tdocument.head.appendChild(styleEl);\n\t\twrapper.style.animation = animName + \" \" + speed + \"s linear infinite\";\n\t\twrapper.style.animationPlayState = \"running\";\n\n\t\tvar isPaused = false;\n\t\tvar playBtn  = mwImageGallery.querySelector(\".mw-image-gallery__action-btn--play\");\n\t\tvar pauseBtn = mwImageGallery.querySelector(\".mw-image-gallery__action-btn--pause\");\n\n\t\tif (playBtn) {\n\t\t\tplayBtn.addEventListener(\"click\", function () {\n\t\t\t\tisPaused = false;\n\t\t\t\twrapper.style.animationPlayState = \"running\";\n\t\t\t\tplayBtn.classList.add(\"active\");\n\t\t\t\tplayBtn.setAttribute(\"aria-pressed\", \"true\");\n\t\t\t\tif (pauseBtn) {\n\t\t\t\t\tpauseBtn.classList.remove(\"active\");\n\t\t\t\t\tpauseBtn.setAttribute(\"aria-pressed\", \"false\");\n\t\t\t\t}\n\t\t\t});\n\t\t}\n\t\tif (pauseBtn) {\n\t\t\tpauseBtn.addEventListener(\"click\", function () {\n\t\t\t\tisPaused = true;\n\t\t\t\twrapper.style.animationPlayState = \"paused\";\n\t\t\t\tpauseBtn.classList.add(\"active\");\n\t\t\t\tpauseBtn.setAttribute(\"aria-pressed\", \"true\");\n\t\t\t\tif (playBtn) {\n\t\t\t\t\tplayBtn.classList.remove(\"active\");\n\t\t\t\t\tplayBtn.setAttribute(\"aria-pressed\", \"false\");\n\t\t\t\t}\n\t\t\t});\n\t\t}\n\n\t\tvar actionContainer = mwImageGallery.querySelector(\".mw-image-gallery__action-container\");\n\n\t\tmwImageGallery.addEventListener(\"mouseenter\", function () {\n\t\t\tif (!isPaused) { wrapper.style.animationPlayState = \"paused\"; }\n\t\t});\n\t\tmwImageGallery.addEventListener(\"mouseleave\", function () {\n\t\t\tif (!isPaused) { wrapper.style.animationPlayState = \"running\"; }\n\t\t});\n\n\t\tif (actionContainer) {\n\t\t\tactionContainer.addEventListener(\"mouseenter\", function () {\n\t\t\t\tif (!isPaused) { wrapper.style.animationPlayState = \"running\"; }\n\t\t\t});\n\t\t\tactionContainer.addEventListener(\"mouseleave\", function () {\n\t\t\t\tif (!isPaused) { wrapper.style.animationPlayState = \"paused\"; }\n\t\t\t});\n\t\t}\n\n\t} else {\n\t\tnew Swiper(mwImageGallery, options);\n\t}\n}());\n<\/script>\n\n\n<\/div>\n\n\n<div   style=\"--mw-container-border-top-thickness: 0px; --mw-container-border-right-thickness: 0px; --mw-container-border-bottom-thickness: 0px; --mw-container-border-left-thickness: 0px;\" class=\"mw-container mw-container__full mw-container__bg-primary-100 mw-container__flex mw-container__items-start mw-container__justify-start mw-container__flex-row mw-container__flex-wrap mw-container__mt--spacing-none mw-container__mb--spacing-none mw-container__pt--spacing-lg mw-container__pb--spacing-lg mw-container__gap-x--spacing-none mw-container__gap-y--spacing-none mw-container__border--none mw-container__shadow-none mw-container__radius-none mw-container__pr--spacing-lg mw-container__pl--spacing-lg md-mw-container__full md-mw-container__flex md-mw-container__flex-row md-mw-container__items-start md-mw-container__justify-start md-mw-container__flex-wrap md-mw-container__mt--spacing-none md-mw-container__mb--spacing-none md-mw-container__pt--spacing-none md-mw-container__pb--spacing-none md-mw-container__gap-x--spacing-none md-mw-container__gap-y--spacing-none md-mw-container__radius-none  sm-mw-container__full sm-mw-container__flex sm-mw-container__flex-row sm-mw-container__items-start sm-mw-container__justify-start sm-mw-container__flex-wrap sm-mw-container__mt--spacing-none sm-mw-container__mb--spacing-none sm-mw-container__pt--spacing-none sm-mw-container__pb--spacing-none sm-mw-container__gap-x--spacing-none sm-mw-container__gap-y--spacing-none sm-mw-container__radius-none \"   >\n\t\n\n<h2 class=\"wp-block-heading\">Le saviez-vous ?<\/h2>\n\n\n\n<p>L\u2019abbaye a accueilli les \u00e9quipes des films :<\/p>\n\n\n\n<ul class=\"wp-block-list\">\n<li>Ou encore des sc\u00e8nes de s\u00e9ries comme <em>1788,<\/em> <em>Versailles<\/em> ou<em> Capitaine Marleau<\/em>.<\/li>\n\n\n\n<li><em>Chanel Solitaire<\/em> de Georges Kaczender (1981)<\/li>\n\n\n\n<li><em>Fort Saganne<\/em> d\u2019Alain Corneau avec G\u00e9rard Depardieu et Sophie Marceau (1983),<\/li>\n\n\n\n<li><em>Les liaisons dangereuses<\/em> de Stephen Frears avec Glenn Close, John Malkovich et Michelle Pfiffer (1989)<\/li>\n\n\n\n<li><em>Ars\u00e8ne Lupin<\/em> de Jean-Paul Salom\u00e9 avec Romain Duris (2004)<\/li>\n\n\n\n<li><em>Un long dimanche de fian\u00e7ailles<\/em> de Jean-Pierre Jeunet avec Audrey Tautou, Gaspard Ulliel et Marion Cotillard (2004)<\/li>\n\n\n\n<li><em>Christ(off)<\/em> de Pierre Dudan avec Micha\u00ebl Youn, Lucien Jean-Baptiste, Bernard Le Coq (2018)<\/li>\n\n\n\n<li><em>Jeanne du Barry<\/em> de Ma\u00efwenn avec Johnny Depp (2023)<\/li>\n<\/ul>\n\n\n<\/div>\n","protected":false},"excerpt":{"rendered":"<p>Un peu d\u2019histoire L\u2019Abbaye Royale du Moncel est l\u2019un des tr\u00e9sors de notre patrimoine. Avant la cr\u00e9ation de l\u2019abbaye, il existait un manoir plus modeste construit \u00e0 la fin du XIIIe si\u00e8cle par Philippe de Beaumanoir, bailli de Senlis. La propri\u00e9t\u00e9 tomba dans le domaine royal \u00e0 sa mort. Au d\u00e9but du XIVe si\u00e8cle, Philippe [&hellip;]<\/p>\n","protected":false},"author":1,"featured_media":1491,"parent":28,"menu_order":8,"comment_status":"closed","ping_status":"closed","template":"","meta":{"_acf_changed":false,"_relevanssi_hide_post":"","_relevanssi_hide_content":"","_relevanssi_pin_for_all":"","_relevanssi_pin_keywords":"","_relevanssi_unpin_keywords":"","_relevanssi_related_keywords":"","_relevanssi_related_include_ids":"","_relevanssi_related_exclude_ids":"","_relevanssi_related_no_append":"","_relevanssi_related_not_related":"","_relevanssi_related_posts":"","_relevanssi_noindex_reason":"","inline_featured_image":false,"footnotes":""},"class_list":["post-1490","page","type-page","status-publish","has-post-thumbnail","hentry"],"acf":[],"_links":{"self":[{"href":"https:\/\/oisehalatte-tourisme.eu\/en\/wp-json\/wp\/v2\/pages\/1490","targetHints":{"allow":["GET"]}}],"collection":[{"href":"https:\/\/oisehalatte-tourisme.eu\/en\/wp-json\/wp\/v2\/pages"}],"about":[{"href":"https:\/\/oisehalatte-tourisme.eu\/en\/wp-json\/wp\/v2\/types\/page"}],"author":[{"embeddable":true,"href":"https:\/\/oisehalatte-tourisme.eu\/en\/wp-json\/wp\/v2\/users\/1"}],"replies":[{"embeddable":true,"href":"https:\/\/oisehalatte-tourisme.eu\/en\/wp-json\/wp\/v2\/comments?post=1490"}],"version-history":[{"count":18,"href":"https:\/\/oisehalatte-tourisme.eu\/en\/wp-json\/wp\/v2\/pages\/1490\/revisions"}],"predecessor-version":[{"id":4856,"href":"https:\/\/oisehalatte-tourisme.eu\/en\/wp-json\/wp\/v2\/pages\/1490\/revisions\/4856"}],"up":[{"embeddable":true,"href":"https:\/\/oisehalatte-tourisme.eu\/en\/wp-json\/wp\/v2\/pages\/28"}],"wp:featuredmedia":[{"embeddable":true,"href":"https:\/\/oisehalatte-tourisme.eu\/en\/wp-json\/wp\/v2\/media\/1491"}],"wp:attachment":[{"href":"https:\/\/oisehalatte-tourisme.eu\/en\/wp-json\/wp\/v2\/media?parent=1490"}],"curies":[{"name":"wp","href":"https:\/\/api.w.org\/{rel}","templated":true}]}}