{"id":1166,"date":"2025-08-27T11:43:39","date_gmt":"2025-08-27T10:43:39","guid":{"rendered":"https:\/\/oisehalatte-tourisme.eu\/\/?page_id=1166"},"modified":"2025-09-10T14:19:23","modified_gmt":"2025-09-10T13:19:23","slug":"leau-au-coeur-du-territoire","status":"publish","type":"page","link":"https:\/\/oisehalatte-tourisme.eu\/nl\/explorer\/nature\/leau-au-coeur-du-territoire\/","title":{"rendered":"Water in het hart van de regio"},"content":{"rendered":"<p>De Oise ontspringt in Belgi\u00eb bij Chimay voordat hij 330 kilometer verderop bij Conflans-Sainte-Honorine in de Seine stroomt. Ze stroomt 18 kilometer door het Pays d'Oise et d'Halatte en geeft vorm aan het landschap door de ongeveer zestig vijvers langs de oevers te voeden. Deze watermassa's waren vroeger grindgroeves, maar zijn nu omgevormd voor recreatieve activiteiten zoals vissen, jagen op watervogels en watersporten. Het gebied is ook de thuisbasis van de Eurov\u00e9lo3 en Londen-Parijs fietsroutes, evenals het Ois'eau ecologisch reservaat.<strong>. <\/strong>Je kunt de vogels van het reservaat observeren zonder ze te storen, dankzij de verschillende observatieposten die langs de route zijn opgezet.<\/p>\n\n\n\n<p>Rivieractiviteit is altijd erg intens geweest op de Oise.<br>Vroeger had de stad Pont-Sainte-Maxence een haven stroomopwaarts van de brug. Deze werd gebruikt om goederen te vervoeren, vooral tarwe en wijn. Stroomafwaarts was er ook een houthaven (op de rechteroever) en een zandhaven (op de linkeroever). Het zand kwam uit Fleurines en werd met een treintje langs de hoofdweg vervoerd.<br>Vandaag wordt de laatste actieve commerci\u00eble haven voornamelijk gebruikt voor graan.<\/p>\n\n\n\n\t\t\n\t\t\n\t\t\n\t\t\t\t\n\t\t\t\t\n\t<div class=\"mw-image mw-image__radius-none md-mw-image__radius-none sm-mw-image__radius-none\">\n\t\t<picture>\n\t\t\t\t\t\t<source srcset=\"https:\/\/oisehalatte-tourisme.eu\/app\/uploads\/2025\/09\/eau-coeur-territoire-1.jpg\" type=\"image\/webp\" media=\"(max-width: 744px)\">\n\t\t\t<source srcset=\"https:\/\/oisehalatte-tourisme.eu\/app\/uploads\/2025\/09\/eau-coeur-territoire-1.jpg\" media=\"(max-width: 744px)\">\n\n\t\t\t\t\t\t<source srcset=\"https:\/\/oisehalatte-tourisme.eu\/app\/uploads\/2025\/09\/eau-coeur-territoire-1.jpg\" type=\"image\/webp\" media=\"(min-width: 745px) and (max-width: 1280px)\">\n\t\t\t<source srcset=\"https:\/\/oisehalatte-tourisme.eu\/app\/uploads\/2025\/09\/eau-coeur-territoire-1.jpg\" media=\"(min-width: 745px) and (max-width: 1280px)\">\n\n\t\t\t\t\t\t<source srcset=\"https:\/\/oisehalatte-tourisme.eu\/app\/uploads\/2025\/09\/eau-coeur-territoire-1.jpg\" type=\"image\/webp\" media=\"(min-width: 1281px)\">\n\t\t\t<source srcset=\"https:\/\/oisehalatte-tourisme.eu\/app\/uploads\/2025\/09\/eau-coeur-territoire-1.jpg\" media=\"(min-width: 1281px)\">\n\n\t\t\t\t\t\t<img decoding=\"async\" src=\"https:\/\/oisehalatte-tourisme.eu\/app\/uploads\/2025\/09\/eau-coeur-territoire-1.jpg\"\n\t\t\t\t alt=\"\"\n\t\t\t\t width=\"\"\n\t\t\t\t height=\"\"\n\t\t\t\t loading=\"lazy\">\n\t\t<\/picture>\n\t<\/div>\n\n\n\n\n<p>Koopvaardijschepen en andere cruise- of pleziervaartuigen bevaren de Oise het hele jaar door. Sommige meren aan in Pont-Sainte-Maxence bij de sluis en dam, bij de halte fluviale (Place Palteau) of in Verneuil-en-Halatte bij de voetgangersbrug Biondi.<br><\/p>","protected":false},"excerpt":{"rendered":"<p>L&rsquo;Oise prend sa source en Belgique pr\u00e8s de Chimay avant de se jeter, 330 kilom\u00e8tres plus loin, dans la Seine \u00e0 Conflans-Sainte-Honorine. Elle traverse les Pays d\u2019Oise et d\u2019Halatte sur 18 kilom\u00e8tres et fa\u00e7onne les paysages en alimentant la soixantaine d\u2019\u00e9tangs qui la bordent. Ces plans d\u2019eau \u00e9taient auparavant d\u2019anciennes gravi\u00e8res aujourd\u2019hui reconverties pour des [&hellip;]<\/p>\n","protected":false},"author":2,"featured_media":1486,"parent":30,"menu_order":16,"comment_status":"closed","ping_status":"closed","template":"wp-custom-template-page-pleine-largeur","meta":{"_acf_changed":false,"_relevanssi_hide_post":"","_relevanssi_hide_content":"","_relevanssi_pin_for_all":"","_relevanssi_pin_keywords":"","_relevanssi_unpin_keywords":"","_relevanssi_related_keywords":"","_relevanssi_related_include_ids":"","_relevanssi_related_exclude_ids":"","_relevanssi_related_no_append":"","_relevanssi_related_not_related":"","_relevanssi_related_posts":"","_relevanssi_noindex_reason":"","inline_featured_image":false,"footnotes":""},"class_list":["post-1166","page","type-page","status-publish","has-post-thumbnail","hentry"],"acf":[],"_links":{"self":[{"href":"https:\/\/oisehalatte-tourisme.eu\/nl\/wp-json\/wp\/v2\/pages\/1166","targetHints":{"allow":["GET"]}}],"collection":[{"href":"https:\/\/oisehalatte-tourisme.eu\/nl\/wp-json\/wp\/v2\/pages"}],"about":[{"href":"https:\/\/oisehalatte-tourisme.eu\/nl\/wp-json\/wp\/v2\/types\/page"}],"author":[{"embeddable":true,"href":"https:\/\/oisehalatte-tourisme.eu\/nl\/wp-json\/wp\/v2\/users\/2"}],"replies":[{"embeddable":true,"href":"https:\/\/oisehalatte-tourisme.eu\/nl\/wp-json\/wp\/v2\/comments?post=1166"}],"version-history":[{"count":2,"href":"https:\/\/oisehalatte-tourisme.eu\/nl\/wp-json\/wp\/v2\/pages\/1166\/revisions"}],"predecessor-version":[{"id":1488,"href":"https:\/\/oisehalatte-tourisme.eu\/nl\/wp-json\/wp\/v2\/pages\/1166\/revisions\/1488"}],"up":[{"embeddable":true,"href":"https:\/\/oisehalatte-tourisme.eu\/nl\/wp-json\/wp\/v2\/pages\/30"}],"wp:featuredmedia":[{"embeddable":true,"href":"https:\/\/oisehalatte-tourisme.eu\/nl\/wp-json\/wp\/v2\/media\/1486"}],"wp:attachment":[{"href":"https:\/\/oisehalatte-tourisme.eu\/nl\/wp-json\/wp\/v2\/media?parent=1166"}],"curies":[{"name":"wp","href":"https:\/\/api.w.org\/{rel}","templated":true}]}}