{"id":1532,"date":"2025-09-10T15:25:14","date_gmt":"2025-09-10T14:25:14","guid":{"rendered":"https:\/\/oisehalatte-tourisme.eu\/\/?page_id=1532"},"modified":"2025-09-23T15:53:19","modified_gmt":"2025-09-23T14:53:19","slug":"autres-curiosites","status":"publish","type":"page","link":"https:\/\/oisehalatte-tourisme.eu\/nl\/explorer\/patrimoine\/autres-curiosites\/","title":{"rendered":"Andere curiosa"},"content":{"rendered":"<h2 class=\"wp-block-heading\"><strong>Archeologische sites<\/strong><\/h2>\n\n\n\n<h3 class=\"wp-block-heading\"><strong>Gallo-Romeinse villa Bufosse<\/strong><\/h3>\n\n\n\n<p>Opgravingen in Verneuil-en-Halatte hebben een Gallo-Romeinse villa blootgelegd die bekend staat als Villa Bufosse. Deze boerderij ontwikkelde zich op de plek die bekend staat als Bufosse en was in gebruik van de 1e tot 4e eeuw voor Christus.<\/p>\n\n\n\n<p>Een reeks bronzen artefacten, waaronder munten en fibulae, wordt tentoongesteld in de <strong>Mus\u00e9e de la M\u00e9moire des Murs et des Hommes (Museum van de Herinnering van Muren en Mensen)<\/strong>.<\/p>\n\n\n\n<h3 class=\"wp-block-heading\"><strong>De Halatte Tempel<\/strong><\/h3>\n\n\n\n<p>In het bos van Halatte werd tijdens opgravingen in de 19e eeuw een Gallo-Romeinse tempel uit de 1e eeuw na Christus ontdekt, gewijd aan genezing en vruchtbaarheid.<\/p>\n\n\n\n\t\t\n\t\t\n\t\t\n\t\t\t\t\n\t\t\t\t\n\t<div class=\"mw-image mw-image__radius-none md-mw-image__radius-none sm-mw-image__radius-none\">\n\t\t<picture>\n\t\t\t\t\t\t<source srcset=\"https:\/\/oisehalatte-tourisme.eu\/app\/uploads\/2025\/09\/temple-halatte.jpg\" type=\"image\/webp\" media=\"(max-width: 744px)\">\n\t\t\t<source srcset=\"https:\/\/oisehalatte-tourisme.eu\/app\/uploads\/2025\/09\/temple-halatte.jpg\" media=\"(max-width: 744px)\">\n\n\t\t\t\t\t\t<source srcset=\"https:\/\/oisehalatte-tourisme.eu\/app\/uploads\/2025\/09\/temple-halatte.jpg\" type=\"image\/webp\" media=\"(min-width: 745px) and (max-width: 1280px)\">\n\t\t\t<source srcset=\"https:\/\/oisehalatte-tourisme.eu\/app\/uploads\/2025\/09\/temple-halatte.jpg\" media=\"(min-width: 745px) and (max-width: 1280px)\">\n\n\t\t\t\t\t\t<source srcset=\"https:\/\/oisehalatte-tourisme.eu\/app\/uploads\/2025\/09\/temple-halatte.jpg\" type=\"image\/webp\" media=\"(min-width: 1281px)\">\n\t\t\t<source srcset=\"https:\/\/oisehalatte-tourisme.eu\/app\/uploads\/2025\/09\/temple-halatte.jpg\" media=\"(min-width: 1281px)\">\n\n\t\t\t\t\t\t<img decoding=\"async\" src=\"https:\/\/oisehalatte-tourisme.eu\/app\/uploads\/2025\/09\/temple-halatte.jpg\"\n\t\t\t\t alt=\"\"\n\t\t\t\t width=\"\"\n\t\t\t\t height=\"\"\n\t\t\t\t loading=\"lazy\">\n\t\t<\/picture>\n\t<\/div>\n\n\n\n\n<p>Tijdens opgravingen in deze tempel werden meer dan 350 stenen en metalen votiefoffers ontdekt. Zieke mensen offerden beelden, aardewerk en munten.<\/p>\n\n\n\n<p>De ex-voto en andere objecten worden tentoongesteld in het <strong>Mus\u00e9e d'Art et d'Arch\u00e9ologie in Senlis.<\/strong><\/p>\n\n\n\n<h3 class=\"wp-block-heading\"><strong>Een Romeins heiligdom<\/strong><\/h3>\n\n\n\n<p>In 2014 brachten opgravingen in Pont-Sainte-Maxence een uitzonderlijk oud monumentaal heiligdom uit de 2e eeuw aan het licht.<\/p>\n\n\n<div   style=\"--mw-container-border-top-thickness: 0px; --mw-container-border-right-thickness: 0px; --mw-container-border-bottom-thickness: 0px; --mw-container-border-left-thickness: 0px;\" class=\"mw-container mw-container__full mw-container__bg-none mw-container__flex mw-container__items-start mw-container__justify-start mw-container__flex-row mw-container__flex-wrap mw-container__mt--spacing-none mw-container__mb--spacing-none mw-container__pt--spacing-none mw-container__pb--spacing-none mw-container__gap-x--spacing-none mw-container__gap-y--spacing-none mw-container__border--none mw-container__shadow-none mw-container__radius-none md-mw-container__full md-mw-container__flex md-mw-container__flex-row md-mw-container__items-start md-mw-container__justify-start md-mw-container__flex-wrap md-mw-container__mt--spacing-none md-mw-container__mb--spacing-none md-mw-container__pt--spacing-none md-mw-container__pb--spacing-none md-mw-container__gap-x--spacing-none md-mw-container__gap-y--spacing-none md-mw-container__radius-none  sm-mw-container__full sm-mw-container__flex sm-mw-container__flex-row sm-mw-container__items-start sm-mw-container__justify-start sm-mw-container__flex-wrap sm-mw-container__mt--spacing-none sm-mw-container__mb--spacing-none sm-mw-container__pt--spacing-none sm-mw-container__pb--spacing-none sm-mw-container__gap-x--spacing-none sm-mw-container__gap-y--spacing-none sm-mw-container__radius-none\"   >\n\t\n\n\t\t\n\t\t\n\t\t\n\t\t\t\t\n\t\t\t\t\n\t<div class=\"mw-image mw-image__radius-none md-mw-image__radius-none sm-mw-image__radius-none\">\n\t\t<picture>\n\t\t\t\t\t\t<source srcset=\"https:\/\/oisehalatte-tourisme.eu\/app\/uploads\/2025\/09\/sites-archeologiques-1.jpg.webp\" type=\"image\/webp\" media=\"(max-width: 744px)\">\n\t\t\t<source srcset=\"https:\/\/oisehalatte-tourisme.eu\/app\/uploads\/2025\/09\/sites-archeologiques-1.jpg\" media=\"(max-width: 744px)\">\n\n\t\t\t\t\t\t<source srcset=\"https:\/\/oisehalatte-tourisme.eu\/app\/uploads\/2025\/09\/sites-archeologiques-1.jpg.webp\" type=\"image\/webp\" media=\"(min-width: 745px) and (max-width: 1280px)\">\n\t\t\t<source srcset=\"https:\/\/oisehalatte-tourisme.eu\/app\/uploads\/2025\/09\/sites-archeologiques-1.jpg\" media=\"(min-width: 745px) and (max-width: 1280px)\">\n\n\t\t\t\t\t\t<source srcset=\"https:\/\/oisehalatte-tourisme.eu\/app\/uploads\/2025\/09\/sites-archeologiques-1.jpg.webp\" type=\"image\/webp\" media=\"(min-width: 1281px)\">\n\t\t\t<source srcset=\"https:\/\/oisehalatte-tourisme.eu\/app\/uploads\/2025\/09\/sites-archeologiques-1.jpg\" media=\"(min-width: 1281px)\">\n\n\t\t\t\t\t\t<img decoding=\"async\" src=\"https:\/\/oisehalatte-tourisme.eu\/app\/uploads\/2025\/09\/sites-archeologiques-1.jpg\"\n\t\t\t\t alt=\"\"\n\t\t\t\t width=\"\"\n\t\t\t\t height=\"\"\n\t\t\t\t loading=\"lazy\">\n\t\t<\/picture>\n\t<\/div>\n\n\n\n<\/div>\n\n\n\n<p>Het bestond uit een omringende muur met beeldhouwwerken die onge\u00ebvenaard waren in Romeins Galli\u00eb, en een tempel in het midden met een beeld van een godheid erin.<\/p>\n\n\n\n<p>Het was ideaal gelegen aan de rand van de stad Levandriacus en aan de Romeinse weg \"la route des Flandres\" die Parijs met Belgi\u00eb verbond (nu Route D\u00e9partementale 1017).<\/p>\n\n\n\n<p>Meer informatie op inrap.fr<a href=\"https:\/\/www.inrap.fr\/pont-sainte-maxence-decouverte-exceptionnelle-d-un-sanctuaire-monumental-antique-9569\"> Nieuws over archeologie. Pont-Sainte-Maxence: uitzonderlijke ontdekking van een oud monumentaal heiligdom | Inrap<\/a><\/p>\n\n\n\n<h2 class=\"wp-block-heading\"><strong>Onze gebouwen in het hart van de geschiedenis<\/strong><\/h2>\n\n\n\n<p>Onze vele kerken, gebouwd vanaf de 11e eeuw, zijn een echte blikvanger, met hun charmante setting, klokkentorens en gebrandschilderde ramen.<\/p>\n\n\n\n<p>Neem de tijd om de kastelen en andere priv\u00e9verblijven in de regio te bewonderen.<\/p>\n\n\n\n\t\t\n\t\t\n\t\t\n\t\t\t\t\n\t\t\t\t\n\t<div class=\"mw-image mw-image__radius-none md-mw-image__radius-none sm-mw-image__radius-none\">\n\t\t<picture>\n\t\t\t\t\t\t<source srcset=\"https:\/\/oisehalatte-tourisme.eu\/app\/uploads\/2025\/09\/chateau-beaurepaire.jpg\" type=\"image\/webp\" media=\"(max-width: 744px)\">\n\t\t\t<source srcset=\"https:\/\/oisehalatte-tourisme.eu\/app\/uploads\/2025\/09\/chateau-beaurepaire.jpg\" media=\"(max-width: 744px)\">\n\n\t\t\t\t\t\t<source srcset=\"https:\/\/oisehalatte-tourisme.eu\/app\/uploads\/2025\/09\/chateau-beaurepaire.jpg\" type=\"image\/webp\" media=\"(min-width: 745px) and (max-width: 1280px)\">\n\t\t\t<source srcset=\"https:\/\/oisehalatte-tourisme.eu\/app\/uploads\/2025\/09\/chateau-beaurepaire.jpg\" media=\"(min-width: 745px) and (max-width: 1280px)\">\n\n\t\t\t\t\t\t<source srcset=\"https:\/\/oisehalatte-tourisme.eu\/app\/uploads\/2025\/09\/chateau-beaurepaire.jpg\" type=\"image\/webp\" media=\"(min-width: 1281px)\">\n\t\t\t<source srcset=\"https:\/\/oisehalatte-tourisme.eu\/app\/uploads\/2025\/09\/chateau-beaurepaire.jpg\" media=\"(min-width: 1281px)\">\n\n\t\t\t\t\t\t<img decoding=\"async\" src=\"https:\/\/oisehalatte-tourisme.eu\/app\/uploads\/2025\/09\/chateau-beaurepaire.jpg\"\n\t\t\t\t alt=\"\"\n\t\t\t\t width=\"\"\n\t\t\t\t height=\"\"\n\t\t\t\t loading=\"lazy\">\n\t\t<\/picture>\n\t<\/div>\n\n\n\n\n<p>Le <strong>Kasteel van Beaurepaire<\/strong> is een van de oudste en meest pittoreske in de regio. Het nodigt je uit voor een reis door de tijd.<br>Dat van <strong>Roberval<\/strong> dateert uit de 16e eeuw en werd in de 18e eeuw verbouwd in een hoofdzakelijk klassieke stijl.<br>Pont-Sainte-Maxence heeft twee bakstenen en stenen kastelen. Het kasteel <strong>Primet<\/strong> daterend uit het einde van de 19e eeuw, behoorde toe aan Claude Primet, de uitvinder van de \"aluminium steelpan\". Het Ch\u00e2teau de <strong>Villette<\/strong>Het werd in 1903 volledig herbouwd door de familie Edgard Stern in neorenaissancestijl en was oorspronkelijk ontworpen voor markies Charles de Villette en zijn vrouw Reine Philiberte, de pupil van Voltaire.<\/p>\n\n\n\n<p>Van het kasteel van <strong>Verneuil-en-Halatte<\/strong>Alles wat overblijft zijn de ru\u00efnes, waarvan de plannen werden ontworpen door Jacques Androuet du Cerceau en voltooid door Salomon de Brosse voor Philippe de Boulainvilliers in de 16e eeuw.<br>Het gebouw werd in de 17e eeuw gesloopt door de eigenaars, de prinsen van Cond\u00e9. Vandaag de dag zijn alleen de funderingen en enkele elementen bewaard gebleven in het Mus\u00e9e de la M\u00e9moire des Murs et des Hommes.<\/p>\n\n\n\n<h2 class=\"wp-block-heading\"><strong>Industrieel en art deco erfgoed<\/strong><\/h2>\n\n\n\n<p>Na de ontwikkeling van de spoorwegen in de 19e eeuw ontstonden er overal in de regio fabrieken die in de 20e eeuw een hoge vlucht namen.<\/p>\n\n\n\n<p>In Pont-Sainte-Maxence stonden een aantal fabrieken, die nu niet meer bestaan, bekend om de stad en de omgeving, waaronder C\u00e9rabati (bouwkeramiek), dat tegels maakte, Salpa, dat Synderme-kunstleer maakte, en SAF (Soudure Autog\u00e8ne Fran\u00e7aise), dat lasonderdelen en -apparatuur produceerde, waaronder de eerste boot van gelast plaatstaal.<\/p>\n\n\n\n<p>Op initiatief van burgemeester George Decroze onderging de stad Pont-Sainte-Maxence vanaf 1929 een radicale transformatie met de bouw van gebouwen in art-decostijl. Het mooiste voorbeeld is ongetwijfeld het stadhuis, met zijn ijzerwerk en bas-reli\u00ebfs, evenals de voormalige baden en douches, het oude postkantoor, het ziekenhuis en de Jules Ferry-school.<\/p>\n\n\n<div   style=\"--mw-container-border-top-thickness: 0px; --mw-container-border-right-thickness: 0px; --mw-container-border-bottom-thickness: 0px; --mw-container-border-left-thickness: 0px;\" class=\"mw-container mw-container__full mw-container__bg-none mw-container__flex mw-container__items-start mw-container__justify-start mw-container__flex-row mw-container__flex-wrap mw-container__mt--spacing-none mw-container__mb--spacing-none mw-container__pt--spacing-none mw-container__pb--spacing-none mw-container__gap-x--spacing-none mw-container__gap-y--spacing-none mw-container__border--none mw-container__shadow-none mw-container__radius-none md-mw-container__full md-mw-container__flex md-mw-container__flex-row md-mw-container__items-start md-mw-container__justify-start md-mw-container__flex-wrap md-mw-container__mt--spacing-none md-mw-container__mb--spacing-none md-mw-container__pt--spacing-none md-mw-container__pb--spacing-none md-mw-container__gap-x--spacing-none md-mw-container__gap-y--spacing-none md-mw-container__radius-none  sm-mw-container__full sm-mw-container__flex sm-mw-container__flex-row sm-mw-container__items-start sm-mw-container__justify-start sm-mw-container__flex-wrap sm-mw-container__mt--spacing-none sm-mw-container__mb--spacing-none sm-mw-container__pt--spacing-none sm-mw-container__pb--spacing-none sm-mw-container__gap-x--spacing-none sm-mw-container__gap-y--spacing-none sm-mw-container__radius-none\"   >\n\t\n\n\t\t\n\t\t\n\t\t\n\t\t\t\t\n\t\t\t\t\n\t<div class=\"mw-image mw-image__radius-none md-mw-image__radius-none sm-mw-image__radius-none\">\n\t\t<picture>\n\t\t\t\t\t\t<source srcset=\"https:\/\/oisehalatte-tourisme.eu\/app\/uploads\/2025\/09\/art-deco.jpg.webp\" type=\"image\/webp\" media=\"(max-width: 744px)\">\n\t\t\t<source srcset=\"https:\/\/oisehalatte-tourisme.eu\/app\/uploads\/2025\/09\/art-deco.jpg\" media=\"(max-width: 744px)\">\n\n\t\t\t\t\t\t<source srcset=\"https:\/\/oisehalatte-tourisme.eu\/app\/uploads\/2025\/09\/art-deco.jpg.webp\" type=\"image\/webp\" media=\"(min-width: 745px) and (max-width: 1280px)\">\n\t\t\t<source srcset=\"https:\/\/oisehalatte-tourisme.eu\/app\/uploads\/2025\/09\/art-deco.jpg\" media=\"(min-width: 745px) and (max-width: 1280px)\">\n\n\t\t\t\t\t\t<source srcset=\"https:\/\/oisehalatte-tourisme.eu\/app\/uploads\/2025\/09\/art-deco.jpg.webp\" type=\"image\/webp\" media=\"(min-width: 1281px)\">\n\t\t\t<source srcset=\"https:\/\/oisehalatte-tourisme.eu\/app\/uploads\/2025\/09\/art-deco.jpg\" media=\"(min-width: 1281px)\">\n\n\t\t\t\t\t\t<img decoding=\"async\" src=\"https:\/\/oisehalatte-tourisme.eu\/app\/uploads\/2025\/09\/art-deco.jpg\"\n\t\t\t\t alt=\"\"\n\t\t\t\t width=\"\"\n\t\t\t\t height=\"\"\n\t\t\t\t loading=\"lazy\">\n\t\t<\/picture>\n\t<\/div>\n\n\n\n<\/div>\n\n\n\n<h2 class=\"wp-block-heading\"><strong>Beroemde mensen<\/strong><\/h2>\n\n\n\n<p>Onze regio heeft grote mannen uit allerlei disciplines ge\u00efnspireerd en geboren zien worden.<\/p>\n\n\n\n<h3 class=\"wp-block-heading\"><strong>Architecten en uitvinders<\/strong><\/h3>\n\n\n\n<p><strong>Salomon de Brosse<\/strong>Deze architect, geboren in Verneuil-en-Halatte in 1571, voltooide het Ch\u00e2teau de Verneuil en ontwierp onder andere het Palais du Luxembourg in Parijs voor Marie de M\u00e9dicis.<\/p>\n\n\n\n<p><strong>Jean-Rodolphe Perronet<\/strong>De architect en later ingenieur van de Ponts et Chauss\u00e9es, bekend om zijn ontwerp van de Concorde-brug in Parijs, ontwierp in 1785 ook de brug met drie bogen in Pont-Sainte-Maxence, die nu verdwenen is. Hij kreeg de bijnaam Vauban van de bruggen en snelwegen.<\/p>\n\n\n\n<p><strong>Gilles Personne uit Roberval<\/strong>No\u00ebl-Saint-Martin, een wis- en natuurkundige geboren in 1602, vond de Roberval-balans uit. Hij was een van de grondleggers van de Academie van Wetenschappen in de 17e eeuw.<\/p>\n\n\n\n<h3 class=\"wp-block-heading\"><strong>De schilders<\/strong><\/h3>\n\n\n\n<p>Schilders kwamen ook naar de regio om nieuwe energie op te doen en nieuwe inspiratie op te doen.<br>Het was in de zomer van 1908 dat <strong>Pablo Picasso<\/strong> en zijn partner Fernande Olivier voor een paar weken in La rue des Bois (vlakbij Verneuil-en-Halatte). Het was hier dat de kubistische schilder inspiratie vond voor 4 schilderijen (<em>Vaas met bloemen en glas met lepel, La fermi\u00e8re, Huisje in een tuin, Gilbert Krill<\/em>).<br>De Grand Prix de Rome van 1864, <strong>Diog\u00e8ne Maillart<\/strong>een historieschilder, portrettist en tekenleraar aan de Manufacture des Gobelins, woonde in Rieux.<\/p>\n\n\n\n<h3 class=\"wp-block-heading\"><strong>Letterkundigen<\/strong><\/h3>\n\n\n\n<p><strong>Nicolas Boileau<\/strong>De dichter en schrijver uit de 17e eeuw bracht 8 jaar door in het gehucht Saint-Paterne in Pontpoint. Het was hier dat hij enkele van zijn <em>Epistels<\/em> en zijn <em>Satires<\/em>.<\/p>\n\n\n\n<p><strong>Robert Louis Stevenson<\/strong>een 19e-eeuwse Schotse schrijver, wiens boeken onder andere <em>Schateiland<\/em> en <em>Het vreemde geval van Dr Jekyll en Mr Hyde<\/em>die via zijn navigatie het verhaal vertelt van zijn reis in <em>Kanotocht op noordelijke rivieren<\/em> in 1878, met een tussenstop in Pont-Sainte-Maxence.<\/p>\n\n\n<div   style=\"--mw-container-border-top-thickness: 0px; --mw-container-border-right-thickness: 0px; --mw-container-border-bottom-thickness: 0px; --mw-container-border-left-thickness: 0px;\" class=\"mw-container mw-container__full mw-container__bg-primary-100 mw-container__flex mw-container__items-start mw-container__justify-start mw-container__flex-row mw-container__flex-wrap mw-container__mt--spacing-none mw-container__mb--spacing-none mw-container__pt--spacing-lg mw-container__pb--spacing-lg mw-container__gap-x--spacing-none mw-container__gap-y--spacing-none mw-container__border--none mw-container__shadow-none mw-container__radius-none mw-container__pr--spacing-lg mw-container__pl--spacing-lg md-mw-container__full md-mw-container__flex md-mw-container__flex-row md-mw-container__items-start md-mw-container__justify-start md-mw-container__flex-wrap md-mw-container__mt--spacing-none md-mw-container__mb--spacing-none md-mw-container__pt--spacing-none md-mw-container__pb--spacing-none md-mw-container__gap-x--spacing-none md-mw-container__gap-y--spacing-none md-mw-container__radius-none  sm-mw-container__full sm-mw-container__flex sm-mw-container__flex-row sm-mw-container__items-start sm-mw-container__justify-start sm-mw-container__flex-wrap sm-mw-container__mt--spacing-none sm-mw-container__mb--spacing-none sm-mw-container__pt--spacing-none sm-mw-container__pb--spacing-none sm-mw-container__gap-x--spacing-none sm-mw-container__gap-y--spacing-none sm-mw-container__radius-none\"   >\n\t\n\n<h2 class=\"wp-block-heading\">Wist je dat?<\/h2>\n\n\n\n<p>Een legende heeft zijn naam gegeven aan de stad Pont-Sainte-Maxence. Maxentius, dochter van de Schotse koning in de 5e eeuw, wilde aan haar huwelijk ontsnappen en vluchtte. Ze werd tegengehouden door de rivier de Oise en gooide drie stenen om over te steken. Ze wordt gevangen en onthoofd door haar verloofde en vliegt met haar hoofd in haar handen de lucht in naar haar begraafplaats.<\/p>\n\n\n<\/div>","protected":false},"excerpt":{"rendered":"<p>Sites arch\u00e9ologiques Villa gallo-romaine Bufosse \u00c0 Verneuil-en-Halatte, des fouilles ont permis la d\u00e9couverte d\u2019une villa gallo-romaine, la villa Bufosse. Cette ferme agricole s\u2019est d\u00e9velopp\u00e9e sur le lieu-dit Bufosse et a \u00e9t\u00e9 exploit\u00e9e du Ier au IVe si\u00e8cle avant J.C. au IVe si\u00e8cle. Divers objets retrouv\u00e9s en bronze : monnaies, fibules\u2026 sont expos\u00e9s au mus\u00e9e de [&hellip;]<\/p>\n","protected":false},"author":1,"featured_media":1537,"parent":28,"menu_order":10,"comment_status":"closed","ping_status":"closed","template":"wp-custom-template-page-pleine-largeur","meta":{"_acf_changed":false,"_relevanssi_hide_post":"","_relevanssi_hide_content":"","_relevanssi_pin_for_all":"","_relevanssi_pin_keywords":"","_relevanssi_unpin_keywords":"","_relevanssi_related_keywords":"","_relevanssi_related_include_ids":"","_relevanssi_related_exclude_ids":"","_relevanssi_related_no_append":"","_relevanssi_related_not_related":"","_relevanssi_related_posts":"","_relevanssi_noindex_reason":"","inline_featured_image":false,"footnotes":""},"class_list":["post-1532","page","type-page","status-publish","has-post-thumbnail","hentry"],"acf":[],"_links":{"self":[{"href":"https:\/\/oisehalatte-tourisme.eu\/nl\/wp-json\/wp\/v2\/pages\/1532","targetHints":{"allow":["GET"]}}],"collection":[{"href":"https:\/\/oisehalatte-tourisme.eu\/nl\/wp-json\/wp\/v2\/pages"}],"about":[{"href":"https:\/\/oisehalatte-tourisme.eu\/nl\/wp-json\/wp\/v2\/types\/page"}],"author":[{"embeddable":true,"href":"https:\/\/oisehalatte-tourisme.eu\/nl\/wp-json\/wp\/v2\/users\/1"}],"replies":[{"embeddable":true,"href":"https:\/\/oisehalatte-tourisme.eu\/nl\/wp-json\/wp\/v2\/comments?post=1532"}],"version-history":[{"count":11,"href":"https:\/\/oisehalatte-tourisme.eu\/nl\/wp-json\/wp\/v2\/pages\/1532\/revisions"}],"predecessor-version":[{"id":2974,"href":"https:\/\/oisehalatte-tourisme.eu\/nl\/wp-json\/wp\/v2\/pages\/1532\/revisions\/2974"}],"up":[{"embeddable":true,"href":"https:\/\/oisehalatte-tourisme.eu\/nl\/wp-json\/wp\/v2\/pages\/28"}],"wp:featuredmedia":[{"embeddable":true,"href":"https:\/\/oisehalatte-tourisme.eu\/nl\/wp-json\/wp\/v2\/media\/1537"}],"wp:attachment":[{"href":"https:\/\/oisehalatte-tourisme.eu\/nl\/wp-json\/wp\/v2\/media?parent=1532"}],"curies":[{"name":"wp","href":"https:\/\/api.w.org\/{rel}","templated":true}]}}